{"id":1087,"date":"2024-06-16T11:38:42","date_gmt":"2024-06-16T14:38:42","guid":{"rendered":"https:\/\/muranoyachts.com.br\/power-catamaras-rovercat-220\/"},"modified":"2025-11-21T12:00:51","modified_gmt":"2025-11-21T15:00:51","slug":"power-catamaras-rovercat-280","status":"publish","type":"page","link":"https:\/\/muranoyachts.com.br\/es\/power-catamaras-rovercat-280\/","title":{"rendered":"Power Catamar\u00e3s &#8211; ROVERCAT 280"},"content":{"rendered":"\t\t<div data-elementor-type=\"wp-page\" data-elementor-id=\"1087\" class=\"elementor elementor-1087\" data-elementor-post-type=\"page\">\n\t\t\t\t\t\t<section class=\"elementor-section elementor-top-section elementor-element elementor-element-c1c0d5f elementor-section-height-min-height elementor-section-boxed elementor-section-height-default elementor-section-items-middle\" data-id=\"c1c0d5f\" data-element_type=\"section\" data-settings=\"{&quot;background_background&quot;:&quot;classic&quot;}\">\n\t\t\t\t\t\t\t<div class=\"elementor-background-overlay\"><\/div>\n\t\t\t\t\t\t\t<div class=\"elementor-container elementor-column-gap-wider\">\n\t\t\t\t\t<div class=\"elementor-column elementor-col-100 elementor-top-column elementor-element elementor-element-55566d3\" data-id=\"55566d3\" data-element_type=\"column\">\n\t\t\t<div class=\"elementor-widget-wrap elementor-element-populated\">\n\t\t\t\t\t\t<div class=\"elementor-element elementor-element-f09016c elementor-widget elementor-widget-heading\" data-id=\"f09016c\" data-element_type=\"widget\" data-widget_type=\"heading.default\">\n\t\t\t\t<div class=\"elementor-widget-container\">\n\t\t\t\t\t<h1 class=\"elementor-heading-title elementor-size-default\">CATAMARAN ROVERCAT 280<\/h1>\t\t\t\t<\/div>\n\t\t\t\t<\/div>\n\t\t\t\t<div class=\"elementor-element elementor-element-0091194 elementor-widget elementor-widget-heading\" data-id=\"0091194\" data-element_type=\"widget\" data-widget_type=\"heading.default\">\n\t\t\t\t<div class=\"elementor-widget-container\">\n\t\t\t\t\t<h1 class=\"elementor-heading-title elementor-size-default\">Muy pronto<\/h1>\t\t\t\t<\/div>\n\t\t\t\t<\/div>\n\t\t\t\t\t<\/div>\n\t\t<\/div>\n\t\t\t\t\t<\/div>\n\t\t<\/section>\n\t\t<div class=\"elementor-element elementor-element-22a6289 e-flex e-con-boxed e-con e-parent\" data-id=\"22a6289\" data-element_type=\"container\">\n\t\t\t\t\t<div class=\"e-con-inner\">\n\t\t\t\t<div class=\"elementor-element elementor-element-1e6ed30 elementor-widget elementor-widget-heading\" data-id=\"1e6ed30\" data-element_type=\"widget\" data-widget_type=\"heading.default\">\n\t\t\t\t<div class=\"elementor-widget-container\">\n\t\t\t\t\t<h2 class=\"elementor-heading-title elementor-size-default\">Rovercat 280<\/h2>\t\t\t\t<\/div>\n\t\t\t\t<\/div>\n\t\t\t\t<div class=\"elementor-element elementor-element-1a53004 elementor-widget elementor-widget-heading\" data-id=\"1a53004\" data-element_type=\"widget\" data-widget_type=\"heading.default\">\n\t\t\t\t<div class=\"elementor-widget-container\">\n\t\t\t\t\t<h2 class=\"elementor-heading-title elementor-size-default\">Pesca. Navega. \u00a1Explora!<\/h2>\t\t\t\t<\/div>\n\t\t\t\t<\/div>\n\t\t\t\t<div class=\"elementor-element elementor-element-3322d06 elementor-widget__width-initial elementor-widget elementor-widget-text-editor\" data-id=\"3322d06\" data-element_type=\"widget\" data-widget_type=\"text-editor.default\">\n\t\t\t\t<div class=\"elementor-widget-container\">\n\t\t\t\t\t\t\t\t\t<p>Con lanzamiento previsto para principios de 2026, el nuevo Rovercat de 28 pies combina la artesan\u00eda caracter\u00edstica de Murano con la estabilidad y eficiencia de un aut\u00e9ntico catamar\u00e1n a motor. Dise\u00f1ado para inolvidables jornadas de pesca y aventuras en familia, cuenta con dos motores fueraborda y el inconfundible toque de Murano.<\/p>\t\t\t\t\t\t\t\t<\/div>\n\t\t\t\t<\/div>\n\t\t\t\t\t<\/div>\n\t\t\t\t<\/div>\n\t\t<div class=\"elementor-element elementor-element-3e757a21 elementor-hidden-mobile e-flex e-con-boxed e-con e-parent\" data-id=\"3e757a21\" data-element_type=\"container\" data-settings=\"{&quot;background_background&quot;:&quot;classic&quot;}\">\n\t\t\t\t\t<div class=\"e-con-inner\">\n\t\t<div class=\"elementor-element elementor-element-69bf18e0 e-con-full e-flex e-con e-child\" data-id=\"69bf18e0\" data-element_type=\"container\" data-settings=\"{&quot;background_background&quot;:&quot;classic&quot;}\">\n\t\t\t\t<div class=\"elementor-element elementor-element-1dbdad1c elementor-widget elementor-widget-heading\" data-id=\"1dbdad1c\" data-element_type=\"widget\" data-widget_type=\"heading.default\">\n\t\t\t\t<div class=\"elementor-widget-container\">\n\t\t\t\t\t<h2 class=\"elementor-heading-title elementor-size-default\">completa el formulario<\/h2>\t\t\t\t<\/div>\n\t\t\t\t<\/div>\n\t\t\t\t<div class=\"elementor-element elementor-element-6dd33f55 elementor-widget elementor-widget-heading\" data-id=\"6dd33f55\" data-element_type=\"widget\" data-widget_type=\"heading.default\">\n\t\t\t\t<div class=\"elementor-widget-container\">\n\t\t\t\t\t<h1 class=\"elementor-heading-title elementor-size-default\">Ponte en contacto y haz tu reserva<\/h1>\t\t\t\t<\/div>\n\t\t\t\t<\/div>\n\t\t\t\t<\/div>\n\t\t<div class=\"elementor-element elementor-element-63534f66 e-con-full e-flex e-con e-child\" data-id=\"63534f66\" data-element_type=\"container\" data-settings=\"{&quot;background_background&quot;:&quot;classic&quot;}\">\n\t\t\t\t<div class=\"elementor-element elementor-element-6d54536f elementor-button-align-stretch elementor-widget elementor-widget-form\" data-id=\"6d54536f\" data-element_type=\"widget\" data-settings=\"{&quot;step_next_label&quot;:&quot;Next&quot;,&quot;step_previous_label&quot;:&quot;Previous&quot;,&quot;button_width&quot;:&quot;100&quot;,&quot;step_type&quot;:&quot;number_text&quot;,&quot;step_icon_shape&quot;:&quot;circle&quot;}\" data-widget_type=\"form.default\">\n\t\t\t\t<div class=\"elementor-widget-container\">\n\t\t\t\t\t\t\t<form class=\"elementor-form\" method=\"post\" name=\"New Form\" aria-label=\"New Form\">\n\t\t\t<input type=\"hidden\" name=\"post_id\" value=\"1087\"\/>\n\t\t\t<input type=\"hidden\" name=\"form_id\" value=\"6d54536f\"\/>\n\t\t\t<input type=\"hidden\" name=\"referer_title\" value=\"Power Catamar\u00e3s - ROVERCAT 280 - Murano Yachts\" \/>\n\n\t\t\t\t\t\t\t<input type=\"hidden\" name=\"queried_id\" value=\"1087\"\/>\n\t\t\t\n\t\t\t<div class=\"elementor-form-fields-wrapper elementor-labels-above\">\n\t\t\t\t\t\t\t\t<div class=\"elementor-field-type-text elementor-field-group elementor-column elementor-field-group-name elementor-col-100\">\n\t\t\t\t\t\t\t\t\t\t\t\t\t<input size=\"1\" type=\"text\" name=\"form_fields[name]\" id=\"form-field-name\" class=\"elementor-field elementor-size-sm  elementor-field-textual\" placeholder=\"Nombre\">\n\t\t\t\t\t\t\t\t\t\t\t<\/div>\n\t\t\t\t\t\t\t\t<div class=\"elementor-field-type-email elementor-field-group elementor-column elementor-field-group-email elementor-col-100 elementor-field-required\">\n\t\t\t\t\t\t\t\t\t\t\t\t\t<input size=\"1\" type=\"email\" name=\"form_fields[email]\" id=\"form-field-email\" class=\"elementor-field elementor-size-sm  elementor-field-textual\" placeholder=\"Email\" required=\"required\">\n\t\t\t\t\t\t\t\t\t\t\t<\/div>\n\t\t\t\t\t\t\t\t<div class=\"elementor-field-type-tel elementor-field-group elementor-column elementor-field-group-field_fa4452f elementor-col-100 elementor-field-required\">\n\t\t\t\t\t\t\t<input size=\"1\" type=\"tel\" name=\"form_fields[field_fa4452f]\" id=\"form-field-field_fa4452f\" class=\"elementor-field elementor-size-sm  elementor-field-textual\" placeholder=\"Tel\u00e9fono\" required=\"required\" pattern=\"[0-9()#&amp;+*-=.]+\" title=\"Solo se aceptan n\u00fameros y caracteres de tel\u00e9fono (#,-,*,etc).\">\n\n\t\t\t\t\t\t<\/div>\n\t\t\t\t\t\t\t\t<div class=\"elementor-field-type-select elementor-field-group elementor-column elementor-field-group-field_583ac40 elementor-col-100 elementor-field-required\">\n\t\t\t\t\t\t\t<div class=\"elementor-field elementor-select-wrapper remove-before \">\n\t\t\t<div class=\"select-caret-down-wrapper\">\n\t\t\t\t<svg aria-hidden=\"true\" class=\"e-font-icon-svg e-eicon-caret-down\" viewBox=\"0 0 571.4 571.4\" xmlns=\"http:\/\/www.w3.org\/2000\/svg\"><path d=\"M571 393Q571 407 561 418L311 668Q300 679 286 679T261 668L11 418Q0 407 0 393T11 368 36 357H536Q550 357 561 368T571 393Z\"><\/path><\/svg>\t\t\t<\/div>\n\t\t\t<select name=\"form_fields[field_583ac40]\" id=\"form-field-field_583ac40\" class=\"elementor-field-textual elementor-size-sm\" required=\"required\">\n\t\t\t\t\t\t\t\t\t<option value=\"Rovercat 280\">Rovercat 280<\/option>\n\t\t\t\t\t\t\t<\/select>\n\t\t<\/div>\n\t\t\t\t\t\t<\/div>\n\t\t\t\t\t\t\t\t<div class=\"elementor-field-group elementor-column elementor-field-type-submit elementor-col-100 e-form__buttons\">\n\t\t\t\t\t<button class=\"elementor-button elementor-size-sm\" type=\"submit\">\n\t\t\t\t\t\t<span class=\"elementor-button-content-wrapper\">\n\t\t\t\t\t\t\t\t\t\t\t\t\t\t\t\t\t\t\t\t\t\t<span class=\"elementor-button-text\">Mandar<\/span>\n\t\t\t\t\t\t\t\t\t\t\t\t\t<\/span>\n\t\t\t\t\t<\/button>\n\t\t\t\t<\/div>\n\t\t\t<\/div>\n\t\t<\/form>\n\t\t\t\t\t\t<\/div>\n\t\t\t\t<\/div>\n\t\t\t\t<\/div>\n\t\t\t\t\t<\/div>\n\t\t\t\t<\/div>\n\t\t<div class=\"elementor-element elementor-element-f69a399 elementor-hidden-desktop elementor-hidden-tablet e-flex e-con-boxed e-con e-parent\" data-id=\"f69a399\" data-element_type=\"container\" data-settings=\"{&quot;background_background&quot;:&quot;classic&quot;}\">\n\t\t\t\t\t<div class=\"e-con-inner\">\n\t\t<div class=\"elementor-element elementor-element-104a22e e-con-full e-flex e-con e-child\" data-id=\"104a22e\" data-element_type=\"container\" data-settings=\"{&quot;background_background&quot;:&quot;classic&quot;}\">\n\t\t\t\t<div class=\"elementor-element elementor-element-90650ae elementor-widget elementor-widget-heading\" data-id=\"90650ae\" data-element_type=\"widget\" data-widget_type=\"heading.default\">\n\t\t\t\t<div class=\"elementor-widget-container\">\n\t\t\t\t\t<h2 class=\"elementor-heading-title elementor-size-default\">Completa el formulario<\/h2>\t\t\t\t<\/div>\n\t\t\t\t<\/div>\n\t\t\t\t<div class=\"elementor-element elementor-element-73325de elementor-widget elementor-widget-heading\" data-id=\"73325de\" data-element_type=\"widget\" data-widget_type=\"heading.default\">\n\t\t\t\t<div class=\"elementor-widget-container\">\n\t\t\t\t\t<h1 class=\"elementor-heading-title elementor-size-default\">Ponte en contacto y haz tu reserva<\/h1>\t\t\t\t<\/div>\n\t\t\t\t<\/div>\n\t\t\t\t<\/div>\n\t\t<div class=\"elementor-element elementor-element-77ee152 e-con-full e-flex e-con e-child\" data-id=\"77ee152\" data-element_type=\"container\" data-settings=\"{&quot;background_background&quot;:&quot;classic&quot;}\">\n\t\t\t\t<div class=\"elementor-element elementor-element-b899217 elementor-button-align-stretch elementor-widget elementor-widget-form\" data-id=\"b899217\" data-element_type=\"widget\" data-settings=\"{&quot;step_next_label&quot;:&quot;Next&quot;,&quot;step_previous_label&quot;:&quot;Previous&quot;,&quot;button_width&quot;:&quot;100&quot;,&quot;step_type&quot;:&quot;number_text&quot;,&quot;step_icon_shape&quot;:&quot;circle&quot;}\" data-widget_type=\"form.default\">\n\t\t\t\t<div class=\"elementor-widget-container\">\n\t\t\t\t\t\t\t<form class=\"elementor-form\" method=\"post\" name=\"New Form\" aria-label=\"New Form\">\n\t\t\t<input type=\"hidden\" name=\"post_id\" value=\"1087\"\/>\n\t\t\t<input type=\"hidden\" name=\"form_id\" value=\"b899217\"\/>\n\t\t\t<input type=\"hidden\" name=\"referer_title\" value=\"Power Catamar\u00e3s - ROVERCAT 280 - Murano Yachts\" \/>\n\n\t\t\t\t\t\t\t<input type=\"hidden\" name=\"queried_id\" value=\"1087\"\/>\n\t\t\t\n\t\t\t<div class=\"elementor-form-fields-wrapper elementor-labels-above\">\n\t\t\t\t\t\t\t\t<div class=\"elementor-field-type-text elementor-field-group elementor-column elementor-field-group-name elementor-col-100\">\n\t\t\t\t\t\t\t\t\t\t\t\t\t<input size=\"1\" type=\"text\" name=\"form_fields[name]\" id=\"form-field-name\" class=\"elementor-field elementor-size-sm  elementor-field-textual\" placeholder=\"Nombre\">\n\t\t\t\t\t\t\t\t\t\t\t<\/div>\n\t\t\t\t\t\t\t\t<div class=\"elementor-field-type-email elementor-field-group elementor-column elementor-field-group-email elementor-col-100 elementor-field-required\">\n\t\t\t\t\t\t\t\t\t\t\t\t\t<input size=\"1\" type=\"email\" name=\"form_fields[email]\" id=\"form-field-email\" class=\"elementor-field elementor-size-sm  elementor-field-textual\" placeholder=\"Email\" required=\"required\">\n\t\t\t\t\t\t\t\t\t\t\t<\/div>\n\t\t\t\t\t\t\t\t<div class=\"elementor-field-type-tel elementor-field-group elementor-column elementor-field-group-field_fa4452f elementor-col-100 elementor-field-required\">\n\t\t\t\t\t\t\t<input size=\"1\" type=\"tel\" name=\"form_fields[field_fa4452f]\" id=\"form-field-field_fa4452f\" class=\"elementor-field elementor-size-sm  elementor-field-textual\" placeholder=\"Tel\u00e9fono\" required=\"required\" pattern=\"[0-9()#&amp;+*-=.]+\" title=\"Solo se aceptan n\u00fameros y caracteres de tel\u00e9fono (#,-,*,etc).\">\n\n\t\t\t\t\t\t<\/div>\n\t\t\t\t\t\t\t\t<div class=\"elementor-field-type-select elementor-field-group elementor-column elementor-field-group-field_583ac40 elementor-col-100 elementor-field-required\">\n\t\t\t\t\t\t\t<div class=\"elementor-field elementor-select-wrapper remove-before \">\n\t\t\t<div class=\"select-caret-down-wrapper\">\n\t\t\t\t<svg aria-hidden=\"true\" class=\"e-font-icon-svg e-eicon-caret-down\" viewBox=\"0 0 571.4 571.4\" xmlns=\"http:\/\/www.w3.org\/2000\/svg\"><path d=\"M571 393Q571 407 561 418L311 668Q300 679 286 679T261 668L11 418Q0 407 0 393T11 368 36 357H536Q550 357 561 368T571 393Z\"><\/path><\/svg>\t\t\t<\/div>\n\t\t\t<select name=\"form_fields[field_583ac40]\" id=\"form-field-field_583ac40\" class=\"elementor-field-textual elementor-size-sm\" required=\"required\">\n\t\t\t\t\t\t\t\t\t<option value=\"Rovercat 280\">Rovercat 280<\/option>\n\t\t\t\t\t\t\t<\/select>\n\t\t<\/div>\n\t\t\t\t\t\t<\/div>\n\t\t\t\t\t\t\t\t<div class=\"elementor-field-group elementor-column elementor-field-type-submit elementor-col-100 e-form__buttons\">\n\t\t\t\t\t<button class=\"elementor-button elementor-size-sm\" type=\"submit\">\n\t\t\t\t\t\t<span class=\"elementor-button-content-wrapper\">\n\t\t\t\t\t\t\t\t\t\t\t\t\t\t\t\t\t\t\t\t\t\t<span class=\"elementor-button-text\">Mandar<\/span>\n\t\t\t\t\t\t\t\t\t\t\t\t\t<\/span>\n\t\t\t\t\t<\/button>\n\t\t\t\t<\/div>\n\t\t\t<\/div>\n\t\t<\/form>\n\t\t\t\t\t\t<\/div>\n\t\t\t\t<\/div>\n\t\t\t\t<\/div>\n\t\t\t\t\t<\/div>\n\t\t\t\t<\/div>\n\t\t\t\t<\/div>\n\t\t","protected":false},"excerpt":{"rendered":"<p>CATAMARAN ROVERCAT 280 Muy pronto Rovercat 280 Pesca. Navega. \u00a1Explora! Con lanzamiento previsto para principios de 2026, el nuevo Rovercat de 28 pies combina la artesan\u00eda caracter\u00edstica de Murano con la estabilidad y eficiencia de un aut\u00e9ntico catamar\u00e1n a motor. Dise\u00f1ado para inolvidables jornadas de pesca y aventuras en familia, cuenta con dos motores fueraborda [&hellip;]<\/p>\n","protected":false},"author":1,"featured_media":0,"parent":0,"menu_order":0,"comment_status":"closed","ping_status":"closed","template":"","meta":{"_monsterinsights_skip_tracking":false,"_monsterinsights_sitenote_active":false,"_monsterinsights_sitenote_note":"","_monsterinsights_sitenote_category":0,"footnotes":""},"class_list":["post-1087","page","type-page","status-publish","hentry"],"yoast_head":"<!-- This site is optimized with the Yoast SEO plugin v22.9 - https:\/\/yoast.com\/wordpress\/plugins\/seo\/ -->\n<title>Power Catamar\u00e3s - ROVERCAT 280 - Murano Yachts<\/title>\n<meta name=\"robots\" content=\"index, follow, max-snippet:-1, max-image-preview:large, max-video-preview:-1\" \/>\n<link rel=\"canonical\" href=\"https:\/\/muranoyachts.com.br\/es\/power-catamaras-rovercat-280\/\" \/>\n<meta property=\"og:locale\" content=\"es_ES\" \/>\n<meta property=\"og:type\" content=\"article\" \/>\n<meta property=\"og:title\" content=\"Power Catamar\u00e3s - ROVERCAT 280 - Murano Yachts\" \/>\n<meta property=\"og:description\" content=\"CATAMARAN ROVERCAT 280 Muy pronto Rovercat 280 Pesca. Navega. \u00a1Explora! Con lanzamiento previsto para principios de 2026, el nuevo Rovercat de 28 pies combina la artesan\u00eda caracter\u00edstica de Murano con la estabilidad y eficiencia de un aut\u00e9ntico catamar\u00e1n a motor. Dise\u00f1ado para inolvidables jornadas de pesca y aventuras en familia, cuenta con dos motores fueraborda [&hellip;]\" \/>\n<meta property=\"og:url\" content=\"https:\/\/muranoyachts.com.br\/es\/power-catamaras-rovercat-280\/\" \/>\n<meta property=\"og:site_name\" content=\"Murano Yachts\" \/>\n<meta property=\"article:modified_time\" content=\"2025-11-21T15:00:51+00:00\" \/>\n<meta name=\"twitter:card\" content=\"summary_large_image\" \/>\n<meta name=\"twitter:label1\" content=\"Tiempo de lectura\" \/>\n\t<meta name=\"twitter:data1\" content=\"1 minuto\" \/>\n<script type=\"application\/ld+json\" class=\"yoast-schema-graph\">{\"@context\":\"https:\/\/schema.org\",\"@graph\":[{\"@type\":\"WebPage\",\"@id\":\"https:\/\/muranoyachts.com.br\/es\/power-catamaras-rovercat-280\/\",\"url\":\"https:\/\/muranoyachts.com.br\/es\/power-catamaras-rovercat-280\/\",\"name\":\"Power Catamar\u00e3s - ROVERCAT 280 - Murano Yachts\",\"isPartOf\":{\"@id\":\"https:\/\/muranoyachts.com.br\/#website\"},\"datePublished\":\"2024-06-16T14:38:42+00:00\",\"dateModified\":\"2025-11-21T15:00:51+00:00\",\"breadcrumb\":{\"@id\":\"https:\/\/muranoyachts.com.br\/es\/power-catamaras-rovercat-280\/#breadcrumb\"},\"inLanguage\":\"es\",\"potentialAction\":[{\"@type\":\"ReadAction\",\"target\":[\"https:\/\/muranoyachts.com.br\/es\/power-catamaras-rovercat-280\/\"]}]},{\"@type\":\"BreadcrumbList\",\"@id\":\"https:\/\/muranoyachts.com.br\/es\/power-catamaras-rovercat-280\/#breadcrumb\",\"itemListElement\":[{\"@type\":\"ListItem\",\"position\":1,\"name\":\"In\u00edcio\",\"item\":\"https:\/\/muranoyachts.com.br\/es\/\"},{\"@type\":\"ListItem\",\"position\":2,\"name\":\"Power Catamar\u00e3s &#8211; ROVERCAT 280\"}]},{\"@type\":\"WebSite\",\"@id\":\"https:\/\/muranoyachts.com.br\/#website\",\"url\":\"https:\/\/muranoyachts.com.br\/\",\"name\":\"Murano Yachts\",\"description\":\"Efficiency &amp; Performance\",\"publisher\":{\"@id\":\"https:\/\/muranoyachts.com.br\/#organization\"},\"potentialAction\":[{\"@type\":\"SearchAction\",\"target\":{\"@type\":\"EntryPoint\",\"urlTemplate\":\"https:\/\/muranoyachts.com.br\/?s={search_term_string}\"},\"query-input\":\"required name=search_term_string\"}],\"inLanguage\":\"es\"},{\"@type\":\"Organization\",\"@id\":\"https:\/\/muranoyachts.com.br\/#organization\",\"name\":\"Murano Yachts\",\"url\":\"https:\/\/muranoyachts.com.br\/\",\"logo\":{\"@type\":\"ImageObject\",\"inLanguage\":\"es\",\"@id\":\"https:\/\/muranoyachts.com.br\/#\/schema\/logo\/image\/\",\"url\":\"https:\/\/muranoyachts.com.br\/wp-content\/uploads\/2024\/06\/173b8ff3-0422-4dbe-96f8-497fae982425-2.png\",\"contentUrl\":\"https:\/\/muranoyachts.com.br\/wp-content\/uploads\/2024\/06\/173b8ff3-0422-4dbe-96f8-497fae982425-2.png\",\"width\":2048,\"height\":268,\"caption\":\"Murano Yachts\"},\"image\":{\"@id\":\"https:\/\/muranoyachts.com.br\/#\/schema\/logo\/image\/\"}}]}<\/script>\n<!-- \/ Yoast SEO plugin. -->","yoast_head_json":{"title":"Power Catamar\u00e3s - ROVERCAT 280 - Murano Yachts","robots":{"index":"index","follow":"follow","max-snippet":"max-snippet:-1","max-image-preview":"max-image-preview:large","max-video-preview":"max-video-preview:-1"},"canonical":"https:\/\/muranoyachts.com.br\/es\/power-catamaras-rovercat-280\/","og_locale":"es_ES","og_type":"article","og_title":"Power Catamar\u00e3s - ROVERCAT 280 - Murano Yachts","og_description":"CATAMARAN ROVERCAT 280 Muy pronto Rovercat 280 Pesca. Navega. \u00a1Explora! Con lanzamiento previsto para principios de 2026, el nuevo Rovercat de 28 pies combina la artesan\u00eda caracter\u00edstica de Murano con la estabilidad y eficiencia de un aut\u00e9ntico catamar\u00e1n a motor. Dise\u00f1ado para inolvidables jornadas de pesca y aventuras en familia, cuenta con dos motores fueraborda [&hellip;]","og_url":"https:\/\/muranoyachts.com.br\/es\/power-catamaras-rovercat-280\/","og_site_name":"Murano Yachts","article_modified_time":"2025-11-21T15:00:51+00:00","twitter_card":"summary_large_image","twitter_misc":{"Tiempo de lectura":"1 minuto"},"schema":{"@context":"https:\/\/schema.org","@graph":[{"@type":"WebPage","@id":"https:\/\/muranoyachts.com.br\/es\/power-catamaras-rovercat-280\/","url":"https:\/\/muranoyachts.com.br\/es\/power-catamaras-rovercat-280\/","name":"Power Catamar\u00e3s - ROVERCAT 280 - Murano Yachts","isPartOf":{"@id":"https:\/\/muranoyachts.com.br\/#website"},"datePublished":"2024-06-16T14:38:42+00:00","dateModified":"2025-11-21T15:00:51+00:00","breadcrumb":{"@id":"https:\/\/muranoyachts.com.br\/es\/power-catamaras-rovercat-280\/#breadcrumb"},"inLanguage":"es","potentialAction":[{"@type":"ReadAction","target":["https:\/\/muranoyachts.com.br\/es\/power-catamaras-rovercat-280\/"]}]},{"@type":"BreadcrumbList","@id":"https:\/\/muranoyachts.com.br\/es\/power-catamaras-rovercat-280\/#breadcrumb","itemListElement":[{"@type":"ListItem","position":1,"name":"In\u00edcio","item":"https:\/\/muranoyachts.com.br\/es\/"},{"@type":"ListItem","position":2,"name":"Power Catamar\u00e3s &#8211; ROVERCAT 280"}]},{"@type":"WebSite","@id":"https:\/\/muranoyachts.com.br\/#website","url":"https:\/\/muranoyachts.com.br\/","name":"Murano Yachts","description":"Efficiency &amp; Performance","publisher":{"@id":"https:\/\/muranoyachts.com.br\/#organization"},"potentialAction":[{"@type":"SearchAction","target":{"@type":"EntryPoint","urlTemplate":"https:\/\/muranoyachts.com.br\/?s={search_term_string}"},"query-input":"required name=search_term_string"}],"inLanguage":"es"},{"@type":"Organization","@id":"https:\/\/muranoyachts.com.br\/#organization","name":"Murano Yachts","url":"https:\/\/muranoyachts.com.br\/","logo":{"@type":"ImageObject","inLanguage":"es","@id":"https:\/\/muranoyachts.com.br\/#\/schema\/logo\/image\/","url":"https:\/\/muranoyachts.com.br\/wp-content\/uploads\/2024\/06\/173b8ff3-0422-4dbe-96f8-497fae982425-2.png","contentUrl":"https:\/\/muranoyachts.com.br\/wp-content\/uploads\/2024\/06\/173b8ff3-0422-4dbe-96f8-497fae982425-2.png","width":2048,"height":268,"caption":"Murano Yachts"},"image":{"@id":"https:\/\/muranoyachts.com.br\/#\/schema\/logo\/image\/"}}]}},"_links":{"self":[{"href":"https:\/\/muranoyachts.com.br\/es\/wp-json\/wp\/v2\/pages\/1087","targetHints":{"allow":["GET"]}}],"collection":[{"href":"https:\/\/muranoyachts.com.br\/es\/wp-json\/wp\/v2\/pages"}],"about":[{"href":"https:\/\/muranoyachts.com.br\/es\/wp-json\/wp\/v2\/types\/page"}],"author":[{"embeddable":true,"href":"https:\/\/muranoyachts.com.br\/es\/wp-json\/wp\/v2\/users\/1"}],"replies":[{"embeddable":true,"href":"https:\/\/muranoyachts.com.br\/es\/wp-json\/wp\/v2\/comments?post=1087"}],"version-history":[{"count":17,"href":"https:\/\/muranoyachts.com.br\/es\/wp-json\/wp\/v2\/pages\/1087\/revisions"}],"predecessor-version":[{"id":4724,"href":"https:\/\/muranoyachts.com.br\/es\/wp-json\/wp\/v2\/pages\/1087\/revisions\/4724"}],"wp:attachment":[{"href":"https:\/\/muranoyachts.com.br\/es\/wp-json\/wp\/v2\/media?parent=1087"}],"curies":[{"name":"wp","href":"https:\/\/api.w.org\/{rel}","templated":true}]}}